{"id":6792,"date":"2024-05-11T05:51:57","date_gmt":"2024-05-11T05:51:57","guid":{"rendered":"https:\/\/matthewhockaday.com\/?page_id=6792"},"modified":"2024-05-11T06:02:06","modified_gmt":"2024-05-11T06:02:06","slug":"calendar-2","status":"publish","type":"page","link":"https:\/\/matthewhockaday.com\/en\/calendar-2\/","title":{"rendered":"Calendar"},"content":{"rendered":"<div data-elementor-type=\"wp-page\" data-elementor-id=\"6792\" class=\"elementor elementor-6792\">\n\t\t\t\t<div class=\"elementor-element elementor-element-9e1a3b7 e-con-full e-flex e-con e-parent\" data-id=\"9e1a3b7\" data-element_type=\"container\" data-e-type=\"container\" data-settings=\"{&quot;background_background&quot;:&quot;classic&quot;}\">\n\t\t\t\t<\/div>\n\t\t<div class=\"elementor-element elementor-element-395bbdf e-flex e-con-boxed e-con e-parent\" data-id=\"395bbdf\" data-element_type=\"container\" data-e-type=\"container\">\n\t\t\t\t\t<div class=\"e-con-inner\">\n\t\t\t\t<div class=\"elementor-element elementor-element-853280e elementor-widget elementor-widget-heading\" data-id=\"853280e\" data-element_type=\"widget\" data-e-type=\"widget\" data-widget_type=\"heading.default\">\n\t\t\t\t<div class=\"elementor-widget-container\">\n\t\t\t\t\t<h2 class=\"elementor-heading-title elementor-size-default\">Calendar<\/h2>\t\t\t\t<\/div>\n\t\t\t\t<\/div>\n\t\t\t\t\t<\/div>\n\t\t\t\t<\/div>\n\t\t<div class=\"elementor-element elementor-element-3aad3ab e-flex e-con-boxed e-con e-parent\" data-id=\"3aad3ab\" data-element_type=\"container\" data-e-type=\"container\">\n\t\t\t\t\t<div class=\"e-con-inner\">\n\t\t\t\t<div class=\"elementor-element elementor-element-9ce9669 elementor-widget__width-inherit elementor-widget elementor-widget-text-editor\" data-id=\"9ce9669\" data-element_type=\"widget\" data-e-type=\"widget\" data-widget_type=\"text-editor.default\">\n\t\t\t\t<div class=\"elementor-widget-container\">\n\t\t\t\t\t\t\t\t\t<p>Matthew was born in 2007 in Great Britain, where he lived until he was 6 years old. He then moved with his family to Olomouc in the Czech Republic. He considers himself a multi-instrumentalist. He devotes himself to playing three musical instruments at the highest level &#8211; clarinet, recorder and piano. For five years he also took solo singing lessons.<\/p><p>\u00a0<\/p><p>In 2019, he entered the eight-year Hej\u010d\u00edn Grammar School in Olomouc. In September 2023, he transferred to the Grammar and Music School of the Capital City of Prague, where he studies clarinet with Prof. Milan Pol\u00e1k as his main instrument and piano with Hana Dvo\u0159\u00e1kov\u00e1 as a second instrument. He privately takes recorder lessons with Michaela Koudelkova, a professional recorder player.<\/p><p>\u00a0<\/p><p>He is the winner of the 2021 Golden Nut nationwide competition for gifted and talented children and a three-time winner of the Talent of the Olomouc Region Awards in 2021, 2022 and 2023 in the Arts Category.<\/p><p>\u00a0<\/p><p>In the 2022\/2023 school year, he was part of the MenArt scholarship program, where he studied piano under the guidance of Czech pianist doc. Ivo Kah\u00e1nek. In the 2023\/2024 school year, he was again selected for the MenArt program, where this time he studies clarinet under the guidance of doc. Irvin Veny\u0161.<\/p><p>\u00a0<\/p><p>Matthew is principal clarinet in two British Youth Orchestra\u00b4s, the Kent Youth Wind Orchestra (KYWO) and the\u00a0Kent County Youth Orchestra (KCYO). He also attends various master classes for the clarinet, recorder and piano under the guidance of prominent Czech and foreign teachers. He regularly participates in national and international competitions, in which he achieves excellent results.<\/p><p>\u00a0<\/p><p>He has been a guest on several radio stations (Radio Proglas, Radio Junior, Czech Radio) and television programs (Golden Nut, Good Morning).<\/p><p><br \/>In addition to music Matthew is a keen sportsman having previously been a competitive artistic gymnast. When he is not practising his instruments he enjoys calisthenics, endurance running (marathons), mountain hiking, Bikram yoga, table tennis, skiing, swimming, and reading books.<\/p>\t\t\t\t\t\t\t\t<\/div>\n\t\t\t\t<\/div>\n\t\t\t\t\t<\/div>\n\t\t\t\t<\/div>\n\t\t\t\t<\/div>","protected":false},"excerpt":{"rendered":"<p>Calendar Matthew was born in 2007 in Great Britain, where he lived until he was 6 years old. He then moved with his family to Olomouc in the Czech Republic. He considers himself a multi-instrumentalist. He devotes himself to playing three musical instruments at the highest level &#8211; clarinet, recorder and piano. For five years [&hellip;]<\/p>\n","protected":false},"author":1,"featured_media":0,"parent":0,"menu_order":0,"comment_status":"closed","ping_status":"closed","template":"","meta":{"_monsterinsights_skip_tracking":false,"_monsterinsights_sitenote_active":false,"_monsterinsights_sitenote_note":"","_monsterinsights_sitenote_category":0,"site-sidebar-layout":"no-sidebar","site-content-layout":"page-builder","ast-site-content-layout":"full-width-container","site-content-style":"unboxed","site-sidebar-style":"unboxed","ast-global-header-display":"","ast-banner-title-visibility":"","ast-main-header-display":"","ast-hfb-above-header-display":"","ast-hfb-below-header-display":"","ast-hfb-mobile-header-display":"","site-post-title":"disabled","ast-breadcrumbs-content":"","ast-featured-img":"disabled","footer-sml-layout":"disabled","ast-disable-related-posts":"","theme-transparent-header-meta":"enabled","adv-header-id-meta":"","stick-header-meta":"","header-above-stick-meta":"","header-main-stick-meta":"","header-below-stick-meta":"","astra-migrate-meta-layouts":"set","ast-page-background-enabled":"default","ast-page-background-meta":{"desktop":{"background-color":"var(--ast-global-color-4)","background-image":"","background-repeat":"repeat","background-position":"center center","background-size":"auto","background-attachment":"scroll","background-type":"","background-media":"","overlay-type":"","overlay-color":"","overlay-opacity":"","overlay-gradient":""},"tablet":{"background-color":"","background-image":"","background-repeat":"repeat","background-position":"center center","background-size":"auto","background-attachment":"scroll","background-type":"","background-media":"","overlay-type":"","overlay-color":"","overlay-opacity":"","overlay-gradient":""},"mobile":{"background-color":"","background-image":"","background-repeat":"repeat","background-position":"center center","background-size":"auto","background-attachment":"scroll","background-type":"","background-media":"","overlay-type":"","overlay-color":"","overlay-opacity":"","overlay-gradient":""}},"ast-content-background-meta":{"desktop":{"background-color":"var(--ast-global-color-5)","background-image":"","background-repeat":"repeat","background-position":"center center","background-size":"auto","background-attachment":"scroll","background-type":"","background-media":"","overlay-type":"","overlay-color":"","overlay-opacity":"","overlay-gradient":""},"tablet":{"background-color":"var(--ast-global-color-5)","background-image":"","background-repeat":"repeat","background-position":"center center","background-size":"auto","background-attachment":"scroll","background-type":"","background-media":"","overlay-type":"","overlay-color":"","overlay-opacity":"","overlay-gradient":""},"mobile":{"background-color":"var(--ast-global-color-5)","background-image":"","background-repeat":"repeat","background-position":"center center","background-size":"auto","background-attachment":"scroll","background-type":"","background-media":"","overlay-type":"","overlay-color":"","overlay-opacity":"","overlay-gradient":""}},"footnotes":""},"class_list":["post-6792","page","type-page","status-publish","hentry"],"aioseo_notices":[],"_links":{"self":[{"href":"https:\/\/matthewhockaday.com\/en\/wp-json\/wp\/v2\/pages\/6792","targetHints":{"allow":["GET"]}}],"collection":[{"href":"https:\/\/matthewhockaday.com\/en\/wp-json\/wp\/v2\/pages"}],"about":[{"href":"https:\/\/matthewhockaday.com\/en\/wp-json\/wp\/v2\/types\/page"}],"author":[{"embeddable":true,"href":"https:\/\/matthewhockaday.com\/en\/wp-json\/wp\/v2\/users\/1"}],"replies":[{"embeddable":true,"href":"https:\/\/matthewhockaday.com\/en\/wp-json\/wp\/v2\/comments?post=6792"}],"version-history":[{"count":10,"href":"https:\/\/matthewhockaday.com\/en\/wp-json\/wp\/v2\/pages\/6792\/revisions"}],"predecessor-version":[{"id":6808,"href":"https:\/\/matthewhockaday.com\/en\/wp-json\/wp\/v2\/pages\/6792\/revisions\/6808"}],"wp:attachment":[{"href":"https:\/\/matthewhockaday.com\/en\/wp-json\/wp\/v2\/media?parent=6792"}],"curies":[{"name":"wp","href":"https:\/\/api.w.org\/{rel}","templated":true}]}}