{"id":6684,"date":"2024-05-06T08:53:44","date_gmt":"2024-05-06T08:53:44","guid":{"rendered":"https:\/\/matthewhockaday.com\/?page_id=6684"},"modified":"2025-12-26T08:04:50","modified_gmt":"2025-12-26T08:04:50","slug":"clarinet-1","status":"publish","type":"page","link":"https:\/\/matthewhockaday.com\/en\/clarinet-1\/","title":{"rendered":"Clarinet"},"content":{"rendered":"<div data-elementor-type=\"wp-page\" data-elementor-id=\"6684\" class=\"elementor elementor-6684\">\n\t\t\t\t<div class=\"elementor-element elementor-element-9e1a3b7 e-con-full e-flex e-con e-parent\" data-id=\"9e1a3b7\" data-element_type=\"container\" data-e-type=\"container\" data-settings=\"{&quot;background_background&quot;:&quot;classic&quot;}\">\n\t\t\t\t<\/div>\n\t\t<div class=\"elementor-element elementor-element-395bbdf e-flex e-con-boxed e-con e-parent\" data-id=\"395bbdf\" data-element_type=\"container\" data-e-type=\"container\">\n\t\t\t\t\t<div class=\"e-con-inner\">\n\t\t\t\t<div class=\"elementor-element elementor-element-853280e elementor-widget elementor-widget-heading\" data-id=\"853280e\" data-element_type=\"widget\" data-e-type=\"widget\" data-widget_type=\"heading.default\">\n\t\t\t\t<div class=\"elementor-widget-container\">\n\t\t\t\t\t<h2 class=\"elementor-heading-title elementor-size-default\">Clarinet<\/h2>\t\t\t\t<\/div>\n\t\t\t\t<\/div>\n\t\t\t\t<div class=\"elementor-element elementor-element-06cb9c1 elementor-widget elementor-widget-heading\" data-id=\"06cb9c1\" data-element_type=\"widget\" data-e-type=\"widget\" data-widget_type=\"heading.default\">\n\t\t\t\t<div class=\"elementor-widget-container\">\n\t\t\t\t\t<h2 class=\"elementor-heading-title elementor-size-default\">\"The Clarinet possesses a nuanced tone which can be associated with love, communication and confidence.  I feel free when I play.\"<\/h2>\t\t\t\t<\/div>\n\t\t\t\t<\/div>\n\t\t\t\t\t<\/div>\n\t\t\t\t<\/div>\n\t\t<div class=\"elementor-element elementor-element-3aad3ab e-flex e-con-boxed e-con e-parent\" data-id=\"3aad3ab\" data-element_type=\"container\" data-e-type=\"container\">\n\t\t\t\t\t<div class=\"e-con-inner\">\n\t\t\t\t<div class=\"elementor-element elementor-element-9ce9669 elementor-widget__width-inherit elementor-widget elementor-widget-text-editor\" data-id=\"9ce9669\" data-element_type=\"widget\" data-e-type=\"widget\" data-widget_type=\"text-editor.default\">\n\t\t\t\t<div class=\"elementor-widget-container\">\n\t\t\t\t\t\t\t\t\t<p>Matthew started playing the clarinet at the age of eight at the Elementary School of Arts \u017derot\u00edn in Olomouc. In 2019, he transferred to the Elementary School of Arts I\u0161a Krej\u010d\u00ed Olomouc, where he studied for four years under the guidance of his teacher Zde\u0148ka Andre\u00e1\u0161ov\u00e1. In September 2023, he joined the class of Prof. Milan Pol\u00e1k at the Grammar and Music School of the Capital City of Prague.<\/p><p>In the 2023\/24 school year, he was selected for the prestigious scholarship program MenArt Academy, where he studies under the guidance of clarinetist doc. Irvin Veny\u0161 (HAMU, Prague). He also gains experience at master classes under the guidance of prominent Czech and foreign teachers (Milan Pol\u00e1k, V\u00edt Spilka, Jan Mach, Anna Paulov\u00e1, Paolo Beltramini).<\/p><p>Matthew is a solo clarinetist, a member of trio MaJeStic (clarinet &#8211; Matthew Hockaday, violin &#8211; Jan Cerman and piano &#8211; Semjon Yakimov), member of trio Brahms (clarinet &#8211; Matthew Hockaday, cello &#8211; Seoyeon Lim and piano &#8211; Semjon Yakimov) and a member of a clarinet quartet. He also plays in the Wind Orchestra of the Elementary School of Arts I\u0161a Krej\u010d\u00ed Olomouc.<\/p><p>Since the age of eight Matthew has been a regular participant in the Kent Music Summer School in Great Britain. He is the principal clarinetist in two youth orchestras in the UK \u2013 the Kent Youth Wind Orchestra (KYWO) and the Kent County Youth Orchestra (KCYO).<\/p><p>Matthew achieves excellent results in national and international competitions. His greatest achievements include 2nd degree honorable mention and special prize from the Bohuslav Martin\u016f Foundation at the International Radio Competition Concertino Praga 2024.\u00a0 Platinum prize at the European Classical Music Awards (2025), First prize at the London Classical Music Competition (2025, UK), Gold medal with honorary mention at the 8th Manhattan International Music Competition (2024, USA), Platinum Prize at the London Young Musician (2022\/23, UK), 1st Prize at the International Mozart Competition Vienna (2023, Austria), 1st Prize at the London Classical Music Competition (2023, UK), 1st Prize at the International Music Competition OPUS (2023, Poland), 2nd Prize at the International Moscow Music Competition (2021, Russia) and 2nd Prize at the Classic Music Competition \u201cPerusia Harmonica\u201d (2021, Italy).<\/p><p>He is the holder of the 1st prize and laureate from the international interpretation competition Pro Bohemia Ostrava 2023, 1st prize from the National round of the Czech Elementary Schools of Arts competition in clarinet (2022) and gained three 1st prizes and the Special Prize for Extraordinary Clarinet Performance at the National Woodwind Instruments competiton Litv\u00ednov Woodwinds (2020, 2021, 2022). He has also recieved 1st prize with trio Brahms, 1st prize with the clarinet quartet and 2nd prize with trio MaJeStic at the competition Camerata Teplice 2025.\u00a0<\/p><p>In 2021, Matthew played Anton\u00edn Dvo\u0159\u00e1k\u2019s Sinfonia No. 8 in G major with the Moravian Philharmonic Orchestra Olomouc. In November 2023, he performed as a solo clarinetist with the Jan\u00e1\u010dek Philharmonic Orchestra Ostrava under the baton of conductor Stanislav Vav\u0159\u00ednek. He played the Concerto for Clarinet and Orchestra in E flat major, Op.36 by Franti\u0161ek Kram\u00e1\u0159.\u00a0<span style=\"font-style: inherit; font-weight: inherit; color: var( --e-global-color-astglobalcolor7 ); background-color: var(--ast-global-color-5);\">In June 2023, he gave his first recital concert at the Archbishop\u2019s Palace in Olomouc, where he performed all three instruments, clarinet, piano and recorder and also sang. In December 2023, he performed at a Christmas concert at the Toyen Gallery in Prague.\u00a0<\/span><\/p><p><span style=\"font-style: inherit; font-weight: inherit; color: var( --e-global-color-astglobalcolor7 ); background-color: var(--ast-global-color-5);\">\u00a0<\/span><\/p><p><span style=\"font-style: inherit; font-weight: inherit; color: var( --e-global-color-astglobalcolor7 ); background-color: var(--ast-global-color-5);\">In March 2024, he performed at the Young Talents concert at the Pr\u016fhonice Chateau and performed his second recital concert at the 51st Preludium Alois Mot\u00fdl 2024 festival in the Monastery Church in \u0160umperk. In April 2024, he performed as a soloist with the Prague Symphony Orchestra in the Smetana Hall of the Municipal House in Prague. This was part of the Josef Suk Young Talent\u00b4s series under the baton of conductor Arthur Post.\u00a0<\/span><span style=\"font-style: inherit; font-weight: inherit; color: var( --e-global-color-astglobalcolor7 ); background-color: var(--ast-global-color-5);\">In May 2024 Matthew gave his third recital concert at the Archbishop\u2019s Palace in Olomouc. In June 2024 he performed as a soloist with the West Bohemian Symphony Orchestra in Mari\u00e1nsk\u00e9 L\u00e1zn\u011b under the baton of conductor Radek Babor\u00e1k.\u00a0 He also performed at the prestigious Smetana\u2019s Litomy\u0161l 2024 festival.<\/span><\/p><p><span style=\"font-style: inherit; font-weight: inherit; color: var( --e-global-color-astglobalcolor7 ); background-color: var(--ast-global-color-5);\">\u00a0<\/span><\/p><p>In September 2024, as part of the International Radio Competition Concertino Praga, he performed at the &#8220;Talent Stage&#8221; at the Dvo\u0159\u00e1k Prague International Music Festival and at the South Bohemian Festival.\u00a0<\/p><p>\u00a0<\/p><p>In January 2025 he played at the ,,Hudebn\u00ed Odyssea&#8221; in Atrium \u017di\u017ekov in collaboration with the MenArt academy. In May 2025 he gave his fourth recital concert at the Archbishop\u00b4s\u00a0 Palace in Olomouc. Later in August he performed at the opening concert of the MenArt academy in Reduta, Olomouc alongside the great pianist Nora Lubbadov\u00e1 and violinist Matteo Hager. In October he played Monti\u00b4s Czardas at the award ceremony for the best toy of the year and in November he was part of the professional jury at the 27th year of the Zlat\u00fd O\u0159\u00ed\u0161ek competition.<\/p>\t\t\t\t\t\t\t\t<\/div>\n\t\t\t\t<\/div>\n\t\t\t\t<div class=\"elementor-element elementor-element-89ca977 elementor-widget elementor-widget-spacer\" data-id=\"89ca977\" data-element_type=\"widget\" data-e-type=\"widget\" data-widget_type=\"spacer.default\">\n\t\t\t\t<div class=\"elementor-widget-container\">\n\t\t\t\t\t\t\t<div class=\"elementor-spacer\">\n\t\t\t<div class=\"elementor-spacer-inner\"><\/div>\n\t\t<\/div>\n\t\t\t\t\t\t<\/div>\n\t\t\t\t<\/div>\n\t\t<div class=\"elementor-element elementor-element-3bca541 e-grid e-con-boxed e-con e-child\" data-id=\"3bca541\" data-element_type=\"container\" data-e-type=\"container\">\n\t\t\t\t\t<div class=\"e-con-inner\">\n\t\t\t\t<div class=\"elementor-element elementor-element-8aedaea elementor-widget elementor-widget-video\" data-id=\"8aedaea\" data-element_type=\"widget\" data-e-type=\"widget\" data-settings=\"{&quot;youtube_url&quot;:&quot;https:\\\/\\\/www.youtube.com\\\/watch?v=AY1iRObLS64&quot;,&quot;video_type&quot;:&quot;youtube&quot;,&quot;controls&quot;:&quot;yes&quot;}\" data-widget_type=\"video.default\">\n\t\t\t\t<div class=\"elementor-widget-container\">\n\t\t\t\t\t\t\t<div class=\"elementor-wrapper elementor-open-inline\">\n\t\t\t<div class=\"elementor-video\"><\/div>\t\t<\/div>\n\t\t\t\t\t\t<\/div>\n\t\t\t\t<\/div>\n\t\t\t\t<div class=\"elementor-element elementor-element-86c0246 elementor-widget elementor-widget-text-editor\" data-id=\"86c0246\" data-element_type=\"widget\" data-e-type=\"widget\" data-widget_type=\"text-editor.default\">\n\t\t\t\t<div class=\"elementor-widget-container\">\n\t\t\t\t\t\t\t\t\t<p>\u00a0<\/p><p>Bohuslav Martin\u016f: Sonatina for clarinet and piano, H.356<\/p>\t\t\t\t\t\t\t\t<\/div>\n\t\t\t\t<\/div>\n\t\t\t\t\t<\/div>\n\t\t\t\t<\/div>\n\t\t<div class=\"elementor-element elementor-element-f2372db e-grid e-con-boxed e-con e-child\" data-id=\"f2372db\" data-element_type=\"container\" data-e-type=\"container\">\n\t\t\t\t\t<div class=\"e-con-inner\">\n\t\t\t\t<div class=\"elementor-element elementor-element-afa2bec elementor-widget elementor-widget-video\" data-id=\"afa2bec\" data-element_type=\"widget\" data-e-type=\"widget\" data-settings=\"{&quot;youtube_url&quot;:&quot;https:\\\/\\\/www.youtube.com\\\/watch?v=_5lCwBbZVzA&quot;,&quot;video_type&quot;:&quot;youtube&quot;,&quot;controls&quot;:&quot;yes&quot;}\" data-widget_type=\"video.default\">\n\t\t\t\t<div class=\"elementor-widget-container\">\n\t\t\t\t\t\t\t<div class=\"elementor-wrapper elementor-open-inline\">\n\t\t\t<div class=\"elementor-video\"><\/div>\t\t<\/div>\n\t\t\t\t\t\t<\/div>\n\t\t\t\t<\/div>\n\t\t\t\t<div class=\"elementor-element elementor-element-c72d129 elementor-widget elementor-widget-text-editor\" data-id=\"c72d129\" data-element_type=\"widget\" data-e-type=\"widget\" data-widget_type=\"text-editor.default\">\n\t\t\t\t<div class=\"elementor-widget-container\">\n\t\t\t\t\t\t\t\t\t<p><span style=\"font-style: inherit; font-weight: inherit; color: var( --e-global-color-astglobalcolor7 ); background-color: var(--ast-global-color-5);\">\u00a0<\/span><\/p><p><span style=\"font-style: inherit; font-weight: inherit; color: var( --e-global-color-astglobalcolor7 ); background-color: var(--ast-global-color-5);\">Andre Messager: Solo de Concours<\/span><\/p>\t\t\t\t\t\t\t\t<\/div>\n\t\t\t\t<\/div>\n\t\t\t\t\t<\/div>\n\t\t\t\t<\/div>\n\t\t<div class=\"elementor-element elementor-element-ced2584 e-grid e-con-boxed e-con e-child\" data-id=\"ced2584\" data-element_type=\"container\" data-e-type=\"container\">\n\t\t\t\t\t<div class=\"e-con-inner\">\n\t\t\t\t<div class=\"elementor-element elementor-element-ee6de85 elementor-widget elementor-widget-video\" data-id=\"ee6de85\" data-element_type=\"widget\" data-e-type=\"widget\" data-settings=\"{&quot;youtube_url&quot;:&quot;https:\\\/\\\/www.youtube.com\\\/watch?v=Gx_FC93ZH_I&quot;,&quot;video_type&quot;:&quot;youtube&quot;,&quot;controls&quot;:&quot;yes&quot;}\" data-widget_type=\"video.default\">\n\t\t\t\t<div class=\"elementor-widget-container\">\n\t\t\t\t\t\t\t<div class=\"elementor-wrapper elementor-open-inline\">\n\t\t\t<div class=\"elementor-video\"><\/div>\t\t<\/div>\n\t\t\t\t\t\t<\/div>\n\t\t\t\t<\/div>\n\t\t\t\t<div class=\"elementor-element elementor-element-d71aa9e elementor-widget elementor-widget-text-editor\" data-id=\"d71aa9e\" data-element_type=\"widget\" data-e-type=\"widget\" data-widget_type=\"text-editor.default\">\n\t\t\t\t<div class=\"elementor-widget-container\">\n\t\t\t\t\t\t\t\t\t<p>Vittorio Monti: Czardas<\/p>\t\t\t\t\t\t\t\t<\/div>\n\t\t\t\t<\/div>\n\t\t\t\t\t<\/div>\n\t\t\t\t<\/div>\n\t\t<div class=\"elementor-element elementor-element-f68a27e e-grid e-con-boxed e-con e-child\" data-id=\"f68a27e\" data-element_type=\"container\" data-e-type=\"container\">\n\t\t\t\t\t<div class=\"e-con-inner\">\n\t\t\t\t<div class=\"elementor-element elementor-element-8d694d6 elementor-widget elementor-widget-video\" data-id=\"8d694d6\" data-element_type=\"widget\" data-e-type=\"widget\" data-settings=\"{&quot;youtube_url&quot;:&quot;https:\\\/\\\/www.youtube.com\\\/watch?v=4hyRDyCfqKs&quot;,&quot;video_type&quot;:&quot;youtube&quot;,&quot;controls&quot;:&quot;yes&quot;}\" data-widget_type=\"video.default\">\n\t\t\t\t<div class=\"elementor-widget-container\">\n\t\t\t\t\t\t\t<div class=\"elementor-wrapper elementor-open-inline\">\n\t\t\t<div class=\"elementor-video\"><\/div>\t\t<\/div>\n\t\t\t\t\t\t<\/div>\n\t\t\t\t<\/div>\n\t\t\t\t<div class=\"elementor-element elementor-element-49bc027 elementor-widget elementor-widget-text-editor\" data-id=\"49bc027\" data-element_type=\"widget\" data-e-type=\"widget\" data-widget_type=\"text-editor.default\">\n\t\t\t\t<div class=\"elementor-widget-container\">\n\t\t\t\t\t\t\t\t\t<p>Franz Krommer: Clarinet Concerto in E-flat major, op.36<\/p>\t\t\t\t\t\t\t\t<\/div>\n\t\t\t\t<\/div>\n\t\t\t\t\t<\/div>\n\t\t\t\t<\/div>\n\t\t<div class=\"elementor-element elementor-element-35f6324 e-grid e-con-boxed e-con e-child\" data-id=\"35f6324\" data-element_type=\"container\" data-e-type=\"container\">\n\t\t\t\t\t<div class=\"e-con-inner\">\n\t\t\t\t<div class=\"elementor-element elementor-element-d226930 elementor-widget elementor-widget-video\" data-id=\"d226930\" data-element_type=\"widget\" data-e-type=\"widget\" data-settings=\"{&quot;youtube_url&quot;:&quot;https:\\\/\\\/youtu.be\\\/IKlm9IMSdPQ&quot;,&quot;video_type&quot;:&quot;youtube&quot;,&quot;controls&quot;:&quot;yes&quot;}\" data-widget_type=\"video.default\">\n\t\t\t\t<div class=\"elementor-widget-container\">\n\t\t\t\t\t\t\t<div class=\"elementor-wrapper elementor-open-inline\">\n\t\t\t<div class=\"elementor-video\"><\/div>\t\t<\/div>\n\t\t\t\t\t\t<\/div>\n\t\t\t\t<\/div>\n\t\t\t\t<div class=\"elementor-element elementor-element-65590d4 elementor-widget elementor-widget-text-editor\" data-id=\"65590d4\" data-element_type=\"widget\" data-e-type=\"widget\" data-widget_type=\"text-editor.default\">\n\t\t\t\t<div class=\"elementor-widget-container\">\n\t\t\t\t\t\t\t\t\t<p>Henri Rabaud: Solo de Concours op.10 for clarinet and piano<\/p>\t\t\t\t\t\t\t\t<\/div>\n\t\t\t\t<\/div>\n\t\t\t\t\t<\/div>\n\t\t\t\t<\/div>\n\t\t\t\t<div class=\"elementor-element elementor-element-1c6d0e4 elementor-widget elementor-widget-spacer\" data-id=\"1c6d0e4\" data-element_type=\"widget\" data-e-type=\"widget\" data-widget_type=\"spacer.default\">\n\t\t\t\t<div class=\"elementor-widget-container\">\n\t\t\t\t\t\t\t<div class=\"elementor-spacer\">\n\t\t\t<div class=\"elementor-spacer-inner\"><\/div>\n\t\t<\/div>\n\t\t\t\t\t\t<\/div>\n\t\t\t\t<\/div>\n\t\t\t\t\t<\/div>\n\t\t\t\t<\/div>\n\t\t<div class=\"elementor-element elementor-element-f0585a6 e-flex e-con-boxed e-con e-parent\" data-id=\"f0585a6\" data-element_type=\"container\" data-e-type=\"container\">\n\t\t\t\t\t<div class=\"e-con-inner\">\n\t\t\t\t<div class=\"elementor-element elementor-element-9f3ae62 elementor-widget elementor-widget-spacer\" data-id=\"9f3ae62\" data-element_type=\"widget\" data-e-type=\"widget\" data-widget_type=\"spacer.default\">\n\t\t\t\t<div class=\"elementor-widget-container\">\n\t\t\t\t\t\t\t<div class=\"elementor-spacer\">\n\t\t\t<div class=\"elementor-spacer-inner\"><\/div>\n\t\t<\/div>\n\t\t\t\t\t\t<\/div>\n\t\t\t\t<\/div>\n\t\t\t\t\t<\/div>\n\t\t\t\t<\/div>\n\t\t\t\t<\/div>","protected":false},"excerpt":{"rendered":"<p>Clarinet &#8220;The Clarinet possesses a nuanced tone which can be associated with love, communication and confidence. I feel free when I play.&#8221; Matthew started playing the clarinet at the age of eight at the Elementary School of Arts \u017derot\u00edn in Olomouc. In 2019, he transferred to the Elementary School of Arts I\u0161a Krej\u010d\u00ed Olomouc, where [&hellip;]<\/p>\n","protected":false},"author":1,"featured_media":0,"parent":0,"menu_order":0,"comment_status":"closed","ping_status":"closed","template":"","meta":{"_monsterinsights_skip_tracking":false,"_monsterinsights_sitenote_active":false,"_monsterinsights_sitenote_note":"","_monsterinsights_sitenote_category":0,"site-sidebar-layout":"no-sidebar","site-content-layout":"page-builder","ast-site-content-layout":"full-width-container","site-content-style":"unboxed","site-sidebar-style":"unboxed","ast-global-header-display":"","ast-banner-title-visibility":"","ast-main-header-display":"","ast-hfb-above-header-display":"","ast-hfb-below-header-display":"","ast-hfb-mobile-header-display":"","site-post-title":"","ast-breadcrumbs-content":"","ast-featured-img":"disabled","footer-sml-layout":"disabled","ast-disable-related-posts":"","theme-transparent-header-meta":"enabled","adv-header-id-meta":"","stick-header-meta":"","header-above-stick-meta":"","header-main-stick-meta":"","header-below-stick-meta":"","astra-migrate-meta-layouts":"set","ast-page-background-enabled":"default","ast-page-background-meta":{"desktop":{"background-color":"var(--ast-global-color-4)","background-image":"","background-repeat":"repeat","background-position":"center center","background-size":"auto","background-attachment":"scroll","background-type":"","background-media":"","overlay-type":"","overlay-color":"","overlay-opacity":"","overlay-gradient":""},"tablet":{"background-color":"","background-image":"","background-repeat":"repeat","background-position":"center center","background-size":"auto","background-attachment":"scroll","background-type":"","background-media":"","overlay-type":"","overlay-color":"","overlay-opacity":"","overlay-gradient":""},"mobile":{"background-color":"","background-image":"","background-repeat":"repeat","background-position":"center center","background-size":"auto","background-attachment":"scroll","background-type":"","background-media":"","overlay-type":"","overlay-color":"","overlay-opacity":"","overlay-gradient":""}},"ast-content-background-meta":{"desktop":{"background-color":"var(--ast-global-color-5)","background-image":"","background-repeat":"repeat","background-position":"center center","background-size":"auto","background-attachment":"scroll","background-type":"","background-media":"","overlay-type":"","overlay-color":"","overlay-opacity":"","overlay-gradient":""},"tablet":{"background-color":"var(--ast-global-color-5)","background-image":"","background-repeat":"repeat","background-position":"center center","background-size":"auto","background-attachment":"scroll","background-type":"","background-media":"","overlay-type":"","overlay-color":"","overlay-opacity":"","overlay-gradient":""},"mobile":{"background-color":"var(--ast-global-color-5)","background-image":"","background-repeat":"repeat","background-position":"center center","background-size":"auto","background-attachment":"scroll","background-type":"","background-media":"","overlay-type":"","overlay-color":"","overlay-opacity":"","overlay-gradient":""}},"footnotes":""},"class_list":["post-6684","page","type-page","status-publish","hentry"],"aioseo_notices":[],"_links":{"self":[{"href":"https:\/\/matthewhockaday.com\/en\/wp-json\/wp\/v2\/pages\/6684","targetHints":{"allow":["GET"]}}],"collection":[{"href":"https:\/\/matthewhockaday.com\/en\/wp-json\/wp\/v2\/pages"}],"about":[{"href":"https:\/\/matthewhockaday.com\/en\/wp-json\/wp\/v2\/types\/page"}],"author":[{"embeddable":true,"href":"https:\/\/matthewhockaday.com\/en\/wp-json\/wp\/v2\/users\/1"}],"replies":[{"embeddable":true,"href":"https:\/\/matthewhockaday.com\/en\/wp-json\/wp\/v2\/comments?post=6684"}],"version-history":[{"count":395,"href":"https:\/\/matthewhockaday.com\/en\/wp-json\/wp\/v2\/pages\/6684\/revisions"}],"predecessor-version":[{"id":9360,"href":"https:\/\/matthewhockaday.com\/en\/wp-json\/wp\/v2\/pages\/6684\/revisions\/9360"}],"wp:attachment":[{"href":"https:\/\/matthewhockaday.com\/en\/wp-json\/wp\/v2\/media?parent=6684"}],"curies":[{"name":"wp","href":"https:\/\/api.w.org\/{rel}","templated":true}]}}