{"id":6704,"date":"2024-05-06T09:04:51","date_gmt":"2024-05-06T09:04:51","guid":{"rendered":"https:\/\/matthewhockaday.com\/?page_id=6704"},"modified":"2025-08-16T15:41:18","modified_gmt":"2025-08-16T15:41:18","slug":"recorder-1","status":"publish","type":"page","link":"https:\/\/matthewhockaday.com\/cs\/recorder-1\/","title":{"rendered":"Zobcov\u00e1 fl\u00e9tna"},"content":{"rendered":"<div data-elementor-type=\"wp-page\" data-elementor-id=\"6704\" class=\"elementor elementor-6704\">\n\t\t\t\t<div class=\"elementor-element elementor-element-9e1a3b7 e-con-full e-flex e-con e-parent\" data-id=\"9e1a3b7\" data-element_type=\"container\" data-e-type=\"container\" data-settings=\"{&quot;background_background&quot;:&quot;classic&quot;}\">\n\t\t\t\t<\/div>\n\t\t<div class=\"elementor-element elementor-element-395bbdf e-flex e-con-boxed e-con e-parent\" data-id=\"395bbdf\" data-element_type=\"container\" data-e-type=\"container\">\n\t\t\t\t\t<div class=\"e-con-inner\">\n\t\t\t\t<div class=\"elementor-element elementor-element-853280e elementor-widget elementor-widget-heading\" data-id=\"853280e\" data-element_type=\"widget\" data-e-type=\"widget\" data-widget_type=\"heading.default\">\n\t\t\t\t<div class=\"elementor-widget-container\">\n\t\t\t\t\t<h2 class=\"elementor-heading-title elementor-size-default\">Zobcov\u00e1 fl\u00e9tna<\/h2>\t\t\t\t<\/div>\n\t\t\t\t<\/div>\n\t\t\t\t\t<\/div>\n\t\t\t\t<\/div>\n\t\t<div class=\"elementor-element elementor-element-3aad3ab e-flex e-con-boxed e-con e-parent\" data-id=\"3aad3ab\" data-element_type=\"container\" data-e-type=\"container\">\n\t\t\t\t\t<div class=\"e-con-inner\">\n\t\t\t\t<div class=\"elementor-element elementor-element-81f0e14 elementor-widget elementor-widget-heading\" data-id=\"81f0e14\" data-element_type=\"widget\" data-e-type=\"widget\" data-widget_type=\"heading.default\">\n\t\t\t\t<div class=\"elementor-widget-container\">\n\t\t\t\t\t<h2 class=\"elementor-heading-title elementor-size-default\">\"The recorder is the instrument where I have gone beyond my own imagination.  With its beautiful tone and technical abilities I feel that it is a part of me now.\"<\/h2>\t\t\t\t<\/div>\n\t\t\t\t<\/div>\n\t\t\t\t<div class=\"elementor-element elementor-element-9ce9669 elementor-widget__width-inherit elementor-widget elementor-widget-text-editor\" data-id=\"9ce9669\" data-element_type=\"widget\" data-e-type=\"widget\" data-widget_type=\"text-editor.default\">\n\t\t\t\t<div class=\"elementor-widget-container\">\n\t\t\t\t\t\t\t\t\t<p>Na zobcovou fl\u00e9tnu za\u010dal hr\u00e1t v 6 letech na ZU\u0160 \u017derot\u00edn v Olomouci pod veden\u00edm MgA. Sv\u011btlany Pa\u010dansk\u00e9, pozd\u011bji MgA. Bo\u017eeny Klep\u0161ov\u00e9. V modern\u00edch technik\u00e1ch hry na zobcovou fl\u00e9tnu jej po dobu jednoho roku vedla profesorka Jitka Kone\u010dn\u00e1 na Konzervato\u0159i evangelick\u00e9 akademie v Olomouci. Nyn\u00ed doch\u00e1z\u00ed na hodiny zobcov\u00e9 fl\u00e9tny k profesion\u00e1ln\u00ed hr\u00e1\u010dce na zobcovou fl\u00e9tnu, pan\u00ed profesorce Michaele Koudelkov\u00e9.<\/p>\n<p><br><\/p>\n<p>Zku\u0161enosti z\u00edsk\u00e1v\u00e1 tak\u00e9 na mistrovsk\u00fdch interpreta\u010dn\u00edch kurzech pod veden\u00edm v\u00fdznamn\u00fdch \u010desk\u00fdch i zahrani\u010dn\u00edch pedagog\u016f (Bart Spanhove, Anna Stegmann, Dorothee Oberlinger, Meng-Heng Chen, Annabel Knight, Drora Bruck, Regina Himmelbauer, Doris Kitzmantel).<\/p>\n<p><br><\/p>\n<p>Je dr\u017eitelem n\u011bkolika cen z mezin\u00e1rodn\u00edch sout\u011b\u017e\u00ed, nap\u0159. 1.ceny na Tel Aviv Recorder Competition (2020, Izrael), 3.ceny v kategorii izraelsk\u00fdch skladeb a Speci\u00e1ln\u00ed ocen\u011bn\u00ed za interpretaci modern\u00ed skladby na Tel Aviv Recorder Competition (2019, Izrael). D\u00e1le se um\u00edstil v top 10 na Mezin\u00e1rodn\u00ed sout\u011b\u017ei Open Recorder Days Amsterdam (2019, Holandsko). Z\u00edskal 1.cenu v \u00dast\u0159edn\u00edm kole sout\u011b\u017ee \u017e\u00e1k\u016f ZU\u0160 ve h\u0159e na zobcovou fl\u00e9tnu (2022, Praha). Je dr\u017eitelem n\u011bkolika 1.cen, Absolutn\u00edm v\u00edt\u011bzem a Ceny za mimo\u0159\u00e1dn\u00fd hudebn\u00ed projev v celost\u00e1tn\u00ed sout\u011b\u017ei ve h\u0159e na zobcovou fl\u00e9tnu Teplick\u00e9 flautohry (2018-2023).<\/p>\t\t\t\t\t\t\t\t<\/div>\n\t\t\t\t<\/div>\n\t\t\t\t<div class=\"elementor-element elementor-element-0541226 elementor-widget elementor-widget-spacer\" data-id=\"0541226\" data-element_type=\"widget\" data-e-type=\"widget\" data-widget_type=\"spacer.default\">\n\t\t\t\t<div class=\"elementor-widget-container\">\n\t\t\t\t\t\t\t<div class=\"elementor-spacer\">\n\t\t\t<div class=\"elementor-spacer-inner\"><\/div>\n\t\t<\/div>\n\t\t\t\t\t\t<\/div>\n\t\t\t\t<\/div>\n\t\t<div class=\"elementor-element elementor-element-2bb01d6 e-grid e-con-boxed e-con e-child\" data-id=\"2bb01d6\" data-element_type=\"container\" data-e-type=\"container\">\n\t\t\t\t\t<div class=\"e-con-inner\">\n\t\t\t\t<div class=\"elementor-element elementor-element-2d508bb elementor-widget elementor-widget-video\" data-id=\"2d508bb\" data-element_type=\"widget\" data-e-type=\"widget\" data-settings=\"{&quot;youtube_url&quot;:&quot;https:\\\/\\\/www.youtube.com\\\/watch?v=9QRc9IIRXrw&quot;,&quot;video_type&quot;:&quot;youtube&quot;,&quot;controls&quot;:&quot;yes&quot;}\" data-widget_type=\"video.default\">\n\t\t\t\t<div class=\"elementor-widget-container\">\n\t\t\t\t\t\t\t<div class=\"elementor-wrapper elementor-open-inline\">\n\t\t\t<div class=\"elementor-video\"><\/div>\t\t<\/div>\n\t\t\t\t\t\t<\/div>\n\t\t\t\t<\/div>\n\t\t\t\t<div class=\"elementor-element elementor-element-a8b2655 elementor-widget elementor-widget-heading\" data-id=\"a8b2655\" data-element_type=\"widget\" data-e-type=\"widget\" data-widget_type=\"heading.default\">\n\t\t\t\t<div class=\"elementor-widget-container\">\n\t\t\t\t\t<h2 class=\"elementor-heading-title elementor-size-default\">Antonio Vivaldi: Recorder Concerto in C Major, RV 444 <\/h2>\t\t\t\t<\/div>\n\t\t\t\t<\/div>\n\t\t\t\t\t<\/div>\n\t\t\t\t<\/div>\n\t\t\t\t<div class=\"elementor-element elementor-element-d76e666 elementor-widget elementor-widget-spacer\" data-id=\"d76e666\" data-element_type=\"widget\" data-e-type=\"widget\" data-widget_type=\"spacer.default\">\n\t\t\t\t<div class=\"elementor-widget-container\">\n\t\t\t\t\t\t\t<div class=\"elementor-spacer\">\n\t\t\t<div class=\"elementor-spacer-inner\"><\/div>\n\t\t<\/div>\n\t\t\t\t\t\t<\/div>\n\t\t\t\t<\/div>\n\t\t<div class=\"elementor-element elementor-element-110cd45 e-grid e-con-boxed e-con e-child\" data-id=\"110cd45\" data-element_type=\"container\" data-e-type=\"container\">\n\t\t\t\t\t<div class=\"e-con-inner\">\n\t\t\t\t<div class=\"elementor-element elementor-element-4716da3 elementor-widget elementor-widget-video\" data-id=\"4716da3\" data-element_type=\"widget\" data-e-type=\"widget\" data-settings=\"{&quot;youtube_url&quot;:&quot;https:\\\/\\\/youtu.be\\\/n1UGJcDweI8&quot;,&quot;video_type&quot;:&quot;youtube&quot;,&quot;controls&quot;:&quot;yes&quot;}\" data-widget_type=\"video.default\">\n\t\t\t\t<div class=\"elementor-widget-container\">\n\t\t\t\t\t\t\t<div class=\"elementor-wrapper elementor-open-inline\">\n\t\t\t<div class=\"elementor-video\"><\/div>\t\t<\/div>\n\t\t\t\t\t\t<\/div>\n\t\t\t\t<\/div>\n\t\t\t\t<div class=\"elementor-element elementor-element-342f56c elementor-widget elementor-widget-heading\" data-id=\"342f56c\" data-element_type=\"widget\" data-e-type=\"widget\" data-widget_type=\"heading.default\">\n\t\t\t\t<div class=\"elementor-widget-container\">\n\t\t\t\t\t<h2 class=\"elementor-heading-title elementor-size-default\">Signore Detri: Sonata in C minor <\/h2>\t\t\t\t<\/div>\n\t\t\t\t<\/div>\n\t\t\t\t\t<\/div>\n\t\t\t\t<\/div>\n\t\t<div class=\"elementor-element elementor-element-1b108a5 e-grid e-con-boxed e-con e-child\" data-id=\"1b108a5\" data-element_type=\"container\" data-e-type=\"container\">\n\t\t\t\t\t<div class=\"e-con-inner\">\n\t\t\t\t<div class=\"elementor-element elementor-element-069a793 elementor-widget elementor-widget-video\" data-id=\"069a793\" data-element_type=\"widget\" data-e-type=\"widget\" data-settings=\"{&quot;youtube_url&quot;:&quot;https:\\\/\\\/youtu.be\\\/9HmItE4HTeU&quot;,&quot;video_type&quot;:&quot;youtube&quot;,&quot;controls&quot;:&quot;yes&quot;}\" data-widget_type=\"video.default\">\n\t\t\t\t<div class=\"elementor-widget-container\">\n\t\t\t\t\t\t\t<div class=\"elementor-wrapper elementor-open-inline\">\n\t\t\t<div class=\"elementor-video\"><\/div>\t\t<\/div>\n\t\t\t\t\t\t<\/div>\n\t\t\t\t<\/div>\n\t\t\t\t<div class=\"elementor-element elementor-element-403282b elementor-widget elementor-widget-heading\" data-id=\"403282b\" data-element_type=\"widget\" data-e-type=\"widget\" data-widget_type=\"heading.default\">\n\t\t\t\t<div class=\"elementor-widget-container\">\n\t\t\t\t\t<h2 class=\"elementor-heading-title elementor-size-default\">Doroth\u00e9e Hahne: Commentari III. <\/h2>\t\t\t\t<\/div>\n\t\t\t\t<\/div>\n\t\t\t\t\t<\/div>\n\t\t\t\t<\/div>\n\t\t<div class=\"elementor-element elementor-element-af87c78 e-grid e-con-boxed e-con e-child\" data-id=\"af87c78\" data-element_type=\"container\" data-e-type=\"container\">\n\t\t\t\t\t<div class=\"e-con-inner\">\n\t\t\t\t<div class=\"elementor-element elementor-element-482dad7 elementor-widget elementor-widget-video\" data-id=\"482dad7\" data-element_type=\"widget\" data-e-type=\"widget\" data-settings=\"{&quot;youtube_url&quot;:&quot;https:\\\/\\\/youtu.be\\\/_ULE_bAL7gI&quot;,&quot;video_type&quot;:&quot;youtube&quot;,&quot;controls&quot;:&quot;yes&quot;}\" data-widget_type=\"video.default\">\n\t\t\t\t<div class=\"elementor-widget-container\">\n\t\t\t\t\t\t\t<div class=\"elementor-wrapper elementor-open-inline\">\n\t\t\t<div class=\"elementor-video\"><\/div>\t\t<\/div>\n\t\t\t\t\t\t<\/div>\n\t\t\t\t<\/div>\n\t\t\t\t<div class=\"elementor-element elementor-element-645b150 elementor-widget elementor-widget-heading\" data-id=\"645b150\" data-element_type=\"widget\" data-e-type=\"widget\" data-widget_type=\"heading.default\">\n\t\t\t\t<div class=\"elementor-widget-container\">\n\t\t\t\t\t<h2 class=\"elementor-heading-title elementor-size-default\">Francois Schubert: The Bee <\/h2>\t\t\t\t<\/div>\n\t\t\t\t<\/div>\n\t\t\t\t\t<\/div>\n\t\t\t\t<\/div>\n\t\t<div class=\"elementor-element elementor-element-5961351 e-grid e-con-boxed e-con e-child\" data-id=\"5961351\" data-element_type=\"container\" data-e-type=\"container\">\n\t\t\t\t\t<div class=\"e-con-inner\">\n\t\t\t\t<div class=\"elementor-element elementor-element-89095ac elementor-widget elementor-widget-video\" data-id=\"89095ac\" data-element_type=\"widget\" data-e-type=\"widget\" data-settings=\"{&quot;youtube_url&quot;:&quot;https:\\\/\\\/youtu.be\\\/KGNa7Xcy2Kk&quot;,&quot;video_type&quot;:&quot;youtube&quot;,&quot;controls&quot;:&quot;yes&quot;}\" data-widget_type=\"video.default\">\n\t\t\t\t<div class=\"elementor-widget-container\">\n\t\t\t\t\t\t\t<div class=\"elementor-wrapper elementor-open-inline\">\n\t\t\t<div class=\"elementor-video\"><\/div>\t\t<\/div>\n\t\t\t\t\t\t<\/div>\n\t\t\t\t<\/div>\n\t\t\t\t<div class=\"elementor-element elementor-element-b6528ec elementor-widget elementor-widget-heading\" data-id=\"b6528ec\" data-element_type=\"widget\" data-e-type=\"widget\" data-widget_type=\"heading.default\">\n\t\t\t\t<div class=\"elementor-widget-container\">\n\t\t\t\t\t<h2 class=\"elementor-heading-title elementor-size-default\">Matthias Maute: Red Roses Garden for recorder and piano <\/h2>\t\t\t\t<\/div>\n\t\t\t\t<\/div>\n\t\t\t\t\t<\/div>\n\t\t\t\t<\/div>\n\t\t\t\t\t<\/div>\n\t\t\t\t<\/div>\n\t\t<div class=\"elementor-element elementor-element-2ec7eaa e-flex e-con-boxed e-con e-parent\" data-id=\"2ec7eaa\" data-element_type=\"container\" data-e-type=\"container\">\n\t\t\t\t\t<div class=\"e-con-inner\">\n\t\t\t\t<div class=\"elementor-element elementor-element-8c9d930 elementor-widget elementor-widget-spacer\" data-id=\"8c9d930\" data-element_type=\"widget\" data-e-type=\"widget\" data-widget_type=\"spacer.default\">\n\t\t\t\t<div class=\"elementor-widget-container\">\n\t\t\t\t\t\t\t<div class=\"elementor-spacer\">\n\t\t\t<div class=\"elementor-spacer-inner\"><\/div>\n\t\t<\/div>\n\t\t\t\t\t\t<\/div>\n\t\t\t\t<\/div>\n\t\t\t\t\t<\/div>\n\t\t\t\t<\/div>\n\t\t\t\t<\/div>","protected":false},"excerpt":{"rendered":"<p>Recorder &#8220;The recorder is the instrument where I have gone beyond my own imagination. With its beautiful tone and technical abilities I feel that it is a part of me now.&#8221; Matthew began playing the recorder at the age of six at the Elementary School of Arts \u017derot\u00edn in Olomouc under the guidance of Sv\u011btlana [&hellip;]<\/p>\n","protected":false},"author":1,"featured_media":0,"parent":0,"menu_order":0,"comment_status":"closed","ping_status":"closed","template":"","meta":{"_monsterinsights_skip_tracking":false,"_monsterinsights_sitenote_active":false,"_monsterinsights_sitenote_note":"","_monsterinsights_sitenote_category":0,"site-sidebar-layout":"no-sidebar","site-content-layout":"page-builder","ast-site-content-layout":"full-width-container","site-content-style":"unboxed","site-sidebar-style":"unboxed","ast-global-header-display":"","ast-banner-title-visibility":"","ast-main-header-display":"","ast-hfb-above-header-display":"","ast-hfb-below-header-display":"","ast-hfb-mobile-header-display":"","site-post-title":"","ast-breadcrumbs-content":"","ast-featured-img":"disabled","footer-sml-layout":"disabled","ast-disable-related-posts":"","theme-transparent-header-meta":"enabled","adv-header-id-meta":"","stick-header-meta":"","header-above-stick-meta":"","header-main-stick-meta":"","header-below-stick-meta":"","astra-migrate-meta-layouts":"set","ast-page-background-enabled":"default","ast-page-background-meta":{"desktop":{"background-color":"var(--ast-global-color-4)","background-image":"","background-repeat":"repeat","background-position":"center center","background-size":"auto","background-attachment":"scroll","background-type":"","background-media":"","overlay-type":"","overlay-color":"","overlay-opacity":"","overlay-gradient":""},"tablet":{"background-color":"","background-image":"","background-repeat":"repeat","background-position":"center center","background-size":"auto","background-attachment":"scroll","background-type":"","background-media":"","overlay-type":"","overlay-color":"","overlay-opacity":"","overlay-gradient":""},"mobile":{"background-color":"","background-image":"","background-repeat":"repeat","background-position":"center center","background-size":"auto","background-attachment":"scroll","background-type":"","background-media":"","overlay-type":"","overlay-color":"","overlay-opacity":"","overlay-gradient":""}},"ast-content-background-meta":{"desktop":{"background-color":"var(--ast-global-color-5)","background-image":"","background-repeat":"repeat","background-position":"center center","background-size":"auto","background-attachment":"scroll","background-type":"","background-media":"","overlay-type":"","overlay-color":"","overlay-opacity":"","overlay-gradient":""},"tablet":{"background-color":"var(--ast-global-color-5)","background-image":"","background-repeat":"repeat","background-position":"center center","background-size":"auto","background-attachment":"scroll","background-type":"","background-media":"","overlay-type":"","overlay-color":"","overlay-opacity":"","overlay-gradient":""},"mobile":{"background-color":"var(--ast-global-color-5)","background-image":"","background-repeat":"repeat","background-position":"center center","background-size":"auto","background-attachment":"scroll","background-type":"","background-media":"","overlay-type":"","overlay-color":"","overlay-opacity":"","overlay-gradient":""}},"footnotes":""},"class_list":["post-6704","page","type-page","status-publish","hentry"],"aioseo_notices":[],"_links":{"self":[{"href":"https:\/\/matthewhockaday.com\/cs\/wp-json\/wp\/v2\/pages\/6704","targetHints":{"allow":["GET"]}}],"collection":[{"href":"https:\/\/matthewhockaday.com\/cs\/wp-json\/wp\/v2\/pages"}],"about":[{"href":"https:\/\/matthewhockaday.com\/cs\/wp-json\/wp\/v2\/types\/page"}],"author":[{"embeddable":true,"href":"https:\/\/matthewhockaday.com\/cs\/wp-json\/wp\/v2\/users\/1"}],"replies":[{"embeddable":true,"href":"https:\/\/matthewhockaday.com\/cs\/wp-json\/wp\/v2\/comments?post=6704"}],"version-history":[{"count":212,"href":"https:\/\/matthewhockaday.com\/cs\/wp-json\/wp\/v2\/pages\/6704\/revisions"}],"predecessor-version":[{"id":9160,"href":"https:\/\/matthewhockaday.com\/cs\/wp-json\/wp\/v2\/pages\/6704\/revisions\/9160"}],"wp:attachment":[{"href":"https:\/\/matthewhockaday.com\/cs\/wp-json\/wp\/v2\/media?parent=6704"}],"curies":[{"name":"wp","href":"https:\/\/api.w.org\/{rel}","templated":true}]}}