{"id":11,"date":"2021-11-21T15:12:46","date_gmt":"2021-11-21T15:12:46","guid":{"rendered":"https:\/\/matthewhockaday.com\/home\/"},"modified":"2025-08-18T06:31:56","modified_gmt":"2025-08-18T06:31:56","slug":"home","status":"publish","type":"page","link":"https:\/\/matthewhockaday.com\/cs\/","title":{"rendered":"Dom\u016f"},"content":{"rendered":"<div data-elementor-type=\"wp-page\" data-elementor-id=\"11\" class=\"elementor elementor-11\">\n\t\t\t\t<div class=\"elementor-element elementor-element-9e1a3b7 e-con-full e-flex e-con e-parent\" data-id=\"9e1a3b7\" data-element_type=\"container\" data-e-type=\"container\" data-settings=\"{&quot;background_background&quot;:&quot;classic&quot;}\">\n\t\t\t\t<\/div>\n\t\t<div class=\"elementor-element elementor-element-395bbdf e-flex e-con-boxed e-con e-parent\" data-id=\"395bbdf\" data-element_type=\"container\" data-e-type=\"container\">\n\t\t\t\t\t<div class=\"e-con-inner\">\n\t\t\t\t<div class=\"elementor-element elementor-element-853280e elementor-widget elementor-widget-heading\" data-id=\"853280e\" data-element_type=\"widget\" data-e-type=\"widget\" data-widget_type=\"heading.default\">\n\t\t\t\t<div class=\"elementor-widget-container\">\n\t\t\t\t\t<h2 class=\"elementor-heading-title elementor-size-default\">Matthew Hockaday<\/h2>\t\t\t\t<\/div>\n\t\t\t\t<\/div>\n\t\t\t\t\t<\/div>\n\t\t\t\t<\/div>\n\t\t<div class=\"elementor-element elementor-element-c157859 e-flex e-con-boxed e-con e-parent\" data-id=\"c157859\" data-element_type=\"container\" data-e-type=\"container\">\n\t\t\t\t\t<div class=\"e-con-inner\">\n\t\t\t\t<div class=\"elementor-element elementor-element-fe46d44 elementor-widget elementor-widget-heading\" data-id=\"fe46d44\" data-element_type=\"widget\" data-e-type=\"widget\" data-widget_type=\"heading.default\">\n\t\t\t\t<div class=\"elementor-widget-container\">\n\t\t\t\t\t<h2 class=\"elementor-heading-title elementor-size-default\">Klarinet - Klav\u00edr - Zobcov\u00e1 fl\u00e9tna<\/h2>\t\t\t\t<\/div>\n\t\t\t\t<\/div>\n\t\t\t\t\t<\/div>\n\t\t\t\t<\/div>\n\t\t<div class=\"elementor-element elementor-element-0842073 e-con-full e-flex e-con e-parent\" data-id=\"0842073\" data-element_type=\"container\" data-e-type=\"container\">\n\t\t\t\t<div class=\"elementor-element elementor-element-6870212 elementor-widget elementor-widget-heading\" data-id=\"6870212\" data-element_type=\"widget\" data-e-type=\"widget\" data-widget_type=\"heading.default\">\n\t\t\t\t<div class=\"elementor-widget-container\">\n\t\t\t\t\t<h2 class=\"elementor-heading-title elementor-size-default\">\"Music is the best way to explore your inner self and <\/h2>\t\t\t\t<\/div>\n\t\t\t\t<\/div>\n\t\t\t\t<div class=\"elementor-element elementor-element-4c2dd67 elementor-widget elementor-widget-heading\" data-id=\"4c2dd67\" data-element_type=\"widget\" data-e-type=\"widget\" data-widget_type=\"heading.default\">\n\t\t\t\t<div class=\"elementor-widget-container\">\n\t\t\t\t\t<h2 class=\"elementor-heading-title elementor-size-default\">the pursuit of it can fulfil ones life forever.\"<\/h2>\t\t\t\t<\/div>\n\t\t\t\t<\/div>\n\t\t\t\t<\/div>\n\t\t<div class=\"elementor-element elementor-element-3aad3ab e-flex e-con-boxed e-con e-parent\" data-id=\"3aad3ab\" data-element_type=\"container\" data-e-type=\"container\">\n\t\t\t\t\t<div class=\"e-con-inner\">\n\t\t\t\t<div class=\"elementor-element elementor-element-9ce9669 elementor-widget__width-inherit elementor-widget elementor-widget-text-editor\" data-id=\"9ce9669\" data-element_type=\"widget\" data-e-type=\"widget\" data-widget_type=\"text-editor.default\">\n\t\t\t\t<div class=\"elementor-widget-container\">\n\t\t\t\t\t\t\t\t\t<p>Narodil se v roce 2007 ve Velk\u00e9 Brit\u00e1nii, kde \u017eil do sv\u00fdch 6 let. Pak se s rodi\u010di p\u0159est\u011bhoval do Olomouce. Pova\u017euje se za multi instrumentalistu. Na vysok\u00e9 \u00farovni se v\u011bnuje h\u0159e na t\u0159i hudebn\u00ed n\u00e1stroje - klarinet, zobcovou fl\u00e9tnu a klav\u00edr. P\u011bt let nav\u0161t\u011bvoval hodiny s\u00f3lov\u00e9ho zp\u011bvu.<\/p><p>\u00a0<\/p><p>V roce 2019 nastoupil na osmilet\u00e9 Gymn\u00e1zium Olomouc-Hej\u010d\u00edn. V z\u00e1\u0159\u00ed 2023 p\u0159e\u0161el na Gymn\u00e1zium a Hudebn\u00ed \u0161kolu hlavn\u00edho m\u011bsta Prahy, kde studuje jako hlavn\u00ed obor hru na klarinet u prof. Milana Pol\u00e1ka a jako vedlej\u0161\u00ed obor hru na klav\u00edr u MgA. Hany Dvo\u0159\u00e1kov\u00e9. Soukrom\u011b doch\u00e1z\u00ed na hodiny zobcov\u00e9 fl\u00e9tny k profesion\u00e1ln\u00ed hr\u00e1\u010dce MgA. Michaele Koudelkov\u00e9.<\/p><p>\u00a0<\/p><p>Je v\u00edt\u011bzem celorepublikov\u00e9 sout\u011b\u017ee pro nadan\u00e9 a talentovan\u00e9 d\u011bti Zlat\u00fd o\u0159\u00ed\u0161ek 2021 a trojn\u00e1sobn\u00fdm dr\u017eitelem ocen\u011bn\u00ed Talent Olomouck\u00e9ho kraje 2021, 2022 a 2023 v um\u011bleck\u00e9m oboru.<\/p><p>\u00a0<\/p><p>Ve \u0161koln\u00edm roce 2022\/2023 byl stipendistou presti\u017en\u00edho stipendijn\u00edho programu MenArt, kde studoval hru na klav\u00edr pod veden\u00edm \u010desk\u00e9ho pianisty doc. Ivo Kah\u00e1nka. Pro leto\u0161n\u00ed \u0161koln\u00ed rok 2023\/2024 byl op\u011btovn\u011b vybr\u00e1n do programu MenArt, kde studoval hru na klarinet pod veden\u00edm doc. Irvina Veny\u0161e.<\/p><p>\u00a0<\/p><p>Matthew je 1.klarinetista a vedouc\u00ed skupiny ve dvou Britsk\u00fdch ml\u00e1de\u017enick\u00fdch orchestrech, ml\u00e1de\u017enick\u00fd dechov\u00fd orchestr Kent (KYWO) a symfonick\u00fd orchestr Kent (KCYO). Zku\u0161enosti ve h\u0159e na klarinet, zobcovou fl\u00e9tnu a klav\u00edr z\u00edsk\u00e1v\u00e1 tak\u00e9 na mistrovsk\u00fdch interpreta\u010dn\u00edch kurzech pod veden\u00edm v\u00fdznamn\u00fdch \u010desk\u00fdch i zahrani\u010dn\u00edch pedagog\u016f. Pravideln\u011b se \u00fa\u010dastn\u00ed n\u00e1rodn\u00edch i mezin\u00e1rodn\u00edch sout\u011b\u017e\u00ed, v nich\u017e dosahuje v\u00fdborn\u00fdch v\u00fdsledk\u016f.<\/p><p>\u00a0<\/p><p>V r\u00e1mci Dvo\u0159\u00e1kov\u00e9 mezin\u00e1rodn\u00ed rozhlasov\u00e9 sout\u011b\u017ee pro mlad\u00e9 hudebn\u00edky Concertino Praga 2024 zahr\u00e1l na \"Talent Stage\" mezin\u00e1rodn\u00edho hudebn\u00edho festivalu Dvo\u0159\u00e1kova Praha a na Jiho\u010desk\u00e9m festivalu. Zahr\u00e1l tak\u00e9 na mezin\u00e1rodn\u00edm hudebn\u00edm festivalu Pra\u017esk\u00e9 Jaro a na festivalu Smetanova Litomy\u0161l.<\/p><p>\u00a0<\/p><p>P\u0159edstavil se jako s\u00f3lista se symfonick\u00fdm orchestrem hl.m.Prahy (FOK), s Jan\u00e1\u010dkovou filharmonii\u00ed Ostrava (JFO) a se z\u00e1pado\u010desk\u00fdm symfonick\u00fdm orchestrem v Mari\u00e1nsk\u00fdch L\u00e1zn\u00edch (ZSO).<\/p><p>\u00a0<\/p><p>N\u011bkolikr\u00e1t byl hostem rozhlasov\u00fdch stanic (R\u00e1dio Proglas, R\u00e1dio Junior, \u010cesk\u00fd rozhlas) a televizn\u00edch po\u0159ad\u016f (Zlat\u00fd o\u0159\u00ed\u0161ek, Dobr\u00e9 r\u00e1no).<\/p><p>\u00a0<\/p><p>Krom\u011b hudby ho bav\u00ed kalistenika, vytrvalostn\u00ed b\u011bh (maratony), horsk\u00e1 turistika, Bikram j\u00f3ga, stoln\u00ed tenis, ly\u017eov\u00e1n\u00ed, plav\u00e1n\u00ed, \u010dten\u00ed kn\u00ed\u017eek.<\/p>\t\t\t\t\t\t\t\t<\/div>\n\t\t\t\t<\/div>\n\t\t\t\t<div class=\"elementor-element elementor-element-156aa14 elementor-widget elementor-widget-spacer\" data-id=\"156aa14\" data-element_type=\"widget\" data-e-type=\"widget\" data-widget_type=\"spacer.default\">\n\t\t\t\t<div class=\"elementor-widget-container\">\n\t\t\t\t\t\t\t<div class=\"elementor-spacer\">\n\t\t\t<div class=\"elementor-spacer-inner\"><\/div>\n\t\t<\/div>\n\t\t\t\t\t\t<\/div>\n\t\t\t\t<\/div>\n\t\t\t\t\t<\/div>\n\t\t\t\t<\/div>\n\t\t\t\t<\/div>","protected":false},"excerpt":{"rendered":"<p>Matthew Hockaday Clarinet &#8211; Piano &#8211; Recorder &#8220;Music is the best way to explore your inner self and the pursuit of it can fulfil ones life forever.&#8221; Matthew was born in 2007 in Great Britain, where he lived until he was 6 years old. He then moved with his family to Olomouc in the Czech [&hellip;]<\/p>\n","protected":false},"author":1,"featured_media":0,"parent":0,"menu_order":0,"comment_status":"closed","ping_status":"closed","template":"","meta":{"_monsterinsights_skip_tracking":false,"_monsterinsights_sitenote_active":false,"_monsterinsights_sitenote_note":"","_monsterinsights_sitenote_category":0,"site-sidebar-layout":"no-sidebar","site-content-layout":"page-builder","ast-site-content-layout":"full-width-container","site-content-style":"unboxed","site-sidebar-style":"unboxed","ast-global-header-display":"","ast-banner-title-visibility":"","ast-main-header-display":"","ast-hfb-above-header-display":"","ast-hfb-below-header-display":"","ast-hfb-mobile-header-display":"","site-post-title":"","ast-breadcrumbs-content":"","ast-featured-img":"disabled","footer-sml-layout":"disabled","ast-disable-related-posts":"","theme-transparent-header-meta":"enabled","adv-header-id-meta":"","stick-header-meta":"","header-above-stick-meta":"","header-main-stick-meta":"","header-below-stick-meta":"","astra-migrate-meta-layouts":"set","ast-page-background-enabled":"default","ast-page-background-meta":{"desktop":{"background-color":"var(--ast-global-color-4)","background-image":"","background-repeat":"repeat","background-position":"center center","background-size":"auto","background-attachment":"scroll","background-type":"","background-media":"","overlay-type":"","overlay-color":"","overlay-opacity":"","overlay-gradient":""},"tablet":{"background-color":"","background-image":"","background-repeat":"repeat","background-position":"center center","background-size":"auto","background-attachment":"scroll","background-type":"","background-media":"","overlay-type":"","overlay-color":"","overlay-opacity":"","overlay-gradient":""},"mobile":{"background-color":"","background-image":"","background-repeat":"repeat","background-position":"center center","background-size":"auto","background-attachment":"scroll","background-type":"","background-media":"","overlay-type":"","overlay-color":"","overlay-opacity":"","overlay-gradient":""}},"ast-content-background-meta":{"desktop":{"background-color":"var(--ast-global-color-5)","background-image":"","background-repeat":"repeat","background-position":"center center","background-size":"auto","background-attachment":"scroll","background-type":"","background-media":"","overlay-type":"","overlay-color":"","overlay-opacity":"","overlay-gradient":""},"tablet":{"background-color":"var(--ast-global-color-5)","background-image":"","background-repeat":"repeat","background-position":"center center","background-size":"auto","background-attachment":"scroll","background-type":"","background-media":"","overlay-type":"","overlay-color":"","overlay-opacity":"","overlay-gradient":""},"mobile":{"background-color":"var(--ast-global-color-5)","background-image":"","background-repeat":"repeat","background-position":"center center","background-size":"auto","background-attachment":"scroll","background-type":"","background-media":"","overlay-type":"","overlay-color":"","overlay-opacity":"","overlay-gradient":""}},"footnotes":""},"class_list":["post-11","page","type-page","status-publish","hentry"],"aioseo_notices":[],"_links":{"self":[{"href":"https:\/\/matthewhockaday.com\/cs\/wp-json\/wp\/v2\/pages\/11","targetHints":{"allow":["GET"]}}],"collection":[{"href":"https:\/\/matthewhockaday.com\/cs\/wp-json\/wp\/v2\/pages"}],"about":[{"href":"https:\/\/matthewhockaday.com\/cs\/wp-json\/wp\/v2\/types\/page"}],"author":[{"embeddable":true,"href":"https:\/\/matthewhockaday.com\/cs\/wp-json\/wp\/v2\/users\/1"}],"replies":[{"embeddable":true,"href":"https:\/\/matthewhockaday.com\/cs\/wp-json\/wp\/v2\/comments?post=11"}],"version-history":[{"count":436,"href":"https:\/\/matthewhockaday.com\/cs\/wp-json\/wp\/v2\/pages\/11\/revisions"}],"predecessor-version":[{"id":9273,"href":"https:\/\/matthewhockaday.com\/cs\/wp-json\/wp\/v2\/pages\/11\/revisions\/9273"}],"wp:attachment":[{"href":"https:\/\/matthewhockaday.com\/cs\/wp-json\/wp\/v2\/media?parent=11"}],"curies":[{"name":"wp","href":"https:\/\/api.w.org\/{rel}","templated":true}]}}